{"id":225,"date":"2020-05-12T09:29:38","date_gmt":"2020-05-12T09:29:38","guid":{"rendered":"https:\/\/stricklandattorneys.com\/our-practice\/personal-injury\/premises-liability\/"},"modified":"2020-07-01T09:02:57","modified_gmt":"2020-07-01T09:02:57","slug":"premises-liability-espanol","status":"publish","type":"page","link":"https:\/\/stricklandattorneys.com\/es\/our-practice\/premises-liability-espanol\/","title":{"rendered":"Premises Liability"},"content":{"rendered":"<div class=\"vc_row wpb_row vc_row-fluid\"><div class=\"wpb_column vc_column_container vc_col-sm-12\"><div class=\"vc_column-inner \"><div class=\"wpb_wrapper\">\n\t<div class=\"wpb_text_column wpb_content_element \" >\n\t\t<div class=\"wpb_wrapper\">\n\t\t\t<p>En Virginia, cada propietario tiene la obligaci\u00f3n legal de asegurarse de que su propiedad sea segura para los visitantes. Si el propietario no cumpli\u00f3 con su deber y usted result\u00f3 herido, entonces tiene derecho a una recuperaci\u00f3n financiera completa para pagar sus facturas m\u00e9dicas y otros costos.<\/p>\n<h2>\u00bfCu\u00e1les son las causas comunes de los casos de responsabilidad de locales?<\/h2>\n<p>Existen innumerables tipos diferentes de accidentes cubiertos por la ley de responsabilidad de locales. Sin embargo, algunos son m\u00e1s comunes que otros. Los tipos de incidentes m\u00e1s comunes que ve nuestra empresa son:<\/p>\n<ul>\n<li><a href=\"https:\/\/www.johnfoy.com\/atlanta-slip-and-fall-lawyer\/\" target=\"_blank\" rel=\"noopener noreferrer\">Resbalones y ca\u00eddas<\/a> sobre una superficie h\u00fameda, ya sea por precipitaci\u00f3n o l\u00edquidos derramados<\/li>\n<li>Tropezar en una superficie irregular o escal\u00f3n sin marcar<\/li>\n<li>Escaleras o barandas defectuosas<\/li>\n<li>Ni\u00f1os heridos mientras juegan en un \u00e1rea insegura<\/li>\n<li>Ser golpeado por un objeto que cae<\/li>\n<li>Fallas estructurales que conducen a una lesi\u00f3n.<\/li>\n<\/ul>\n<p>Esta no es una lista exhaustiva. Cualquier lesi\u00f3n que haya sufrido en un negocio o en la propiedad de otra persona podr\u00eda ser un reclamo de responsabilidad de local viable. La mejor manera de determinar los m\u00e9ritos del caso es hablar con un abogado.<\/p>\n<h2>\u00bfQui\u00e9n es responsable de una lesi\u00f3n en un caso de responsabilidad de locales?<\/h2>\n<p>En la mayor\u00eda de los casos, el propietario se considera legalmente responsable de la lesi\u00f3n. Esto se debe a que cada propietario debe tomar precauciones razonables para mantener a las personas seguras en la propiedad.<\/p>\n<p>Para probar su reclamo, solo tenemos que establecer cuatro hechos:<\/p>\n<ul>\n<li>Hubo alguna condici\u00f3n insegura en la propiedad<\/li>\n<li>El propietario sab\u00eda o deber\u00eda haber sabido sobre la condici\u00f3n si estaba cuidando adecuadamente la propiedad<\/li>\n<li>El propietario no repar\u00f3 ni elimin\u00f3 la condici\u00f3n peligrosa, ni le advirti\u00f3 adecuadamente al respecto<\/li>\n<li>Usted result\u00f3 herido debido a la condici\u00f3n insegura<\/li>\n<\/ul>\n<p>Cuando se cumplen estas cuatro condiciones, el propietario se considera \u00abnegligente\u00bb. Esto simplemente significa que no habr\u00eda resultado herido si hubieran sido m\u00e1s cuidadosos. El hecho de que fueron negligentes es la raz\u00f3n por la cual son responsables por los costos de la lesi\u00f3n.<\/p>\n<p>En algunos casos, el administrador de la propiedad, un inquilino o incluso los contratistas que trabajan en la propiedad pueden haber sido la parte negligente, y tambi\u00e9n podr\u00edan ser considerados responsables.<\/p>\n<h2>\u00bfQu\u00e9 pasa si me lesion\u00e9 en mi lugar de trabajo?<\/h2>\n<p>En <a href=\"https:\/\/www.atlantaga.gov\/\" target=\"_blank\" rel=\"noopener noreferrer\">Virginia<\/a>, tiene los mismos derechos en su lugar de trabajo que en cualquier otro lugar. De hecho, si se lesiona en las instalaciones en el trabajo, tiene un<a href=\"https:\/\/www.johnfoy.com\/atlanta-workers-compensation-lawyer\/\" target=\"_blank\" rel=\"noopener noreferrer\"> reclamo de indemnizaci\u00f3n laboral<\/a>. La compensaci\u00f3n del trabajador es un seguro pagado por su empleador que cubre el 100% de los costos de cualquier lesi\u00f3n en las instalaciones. Podemos ayudarlo a identificar si tiene un reclamo de compensaci\u00f3n del trabajador o un reclamo de responsabilidad del establecimiento regular.<\/p>\n<h2>\u00bfHay una fecha l\u00edmite para presentar un reclamo de responsabilidad de locales en Virginia?<\/h2>\n<p>Si. Cada reclamo en Virginia tiene un estatuto de limitaciones, una fecha l\u00edmite para presentar una demanda. Si no presenta su reclamo antes de la fecha l\u00edmite, puede perder su derecho a recuperar el dinero por su lesi\u00f3n.<\/p>\n<p>El plazo exacto depende de los detalles de su caso. La regla general para el estatuto de limitaciones de un reclamo de responsabilidad de locales es de dos a\u00f1os a partir de la fecha de la lesi\u00f3n.<\/p>\n\n\t\t<\/div>\n\t<\/div>\n<\/div><\/div><\/div><\/div>\n","protected":false},"excerpt":{"rendered":"En Virginia, cada propietario tiene la obligaci\u00f3n legal de asegurarse de que su propiedad sea segura para los visitantes. Si el propietario no cumpli\u00f3 con su deber y usted result\u00f3 herido, entonces tiene derecho a una recuperaci\u00f3n financiera completa para&hellip;","protected":false},"author":2,"featured_media":0,"parent":219,"menu_order":0,"comment_status":"closed","ping_status":"closed","template":"","meta":{"_acf_changed":false,"footnotes":""},"class_list":["post-225","page","type-page","status-publish","hentry","entry","no-media"],"acf":[],"yoast_head":"<!-- This site is optimized with the Yoast SEO plugin v25.8 - https:\/\/yoast.com\/wordpress\/plugins\/seo\/ -->\n<title>Premises Liability - Strickland, Diviney, Segura &amp; Byrd<\/title>\n<meta name=\"robots\" content=\"index, follow, max-snippet:-1, max-image-preview:large, max-video-preview:-1\" \/>\n<link rel=\"canonical\" href=\"https:\/\/stricklandattorneys.com\/es\/our-practice\/premises-liability-espanol\/\" \/>\n<meta property=\"og:locale\" content=\"es_ES\" \/>\n<meta property=\"og:type\" content=\"article\" \/>\n<meta property=\"og:title\" content=\"Premises Liability - Strickland, Diviney, Segura &amp; Byrd\" \/>\n<meta property=\"og:url\" content=\"https:\/\/stricklandattorneys.com\/es\/our-practice\/premises-liability-espanol\/\" \/>\n<meta property=\"og:site_name\" content=\"Strickland, Diviney &amp; Segura\" \/>\n<meta property=\"article:modified_time\" content=\"2020-07-01T09:02:57+00:00\" \/>\n<meta name=\"twitter:card\" content=\"summary_large_image\" \/>\n<meta name=\"twitter:label1\" content=\"Tiempo de lectura\" \/>\n\t<meta name=\"twitter:data1\" content=\"3 minutos\" \/>\n<script type=\"application\/ld+json\" class=\"yoast-schema-graph\">{\"@context\":\"https:\/\/schema.org\",\"@graph\":[{\"@type\":\"WebPage\",\"@id\":\"https:\/\/stricklandattorneys.com\/es\/our-practice\/premises-liability-espanol\/\",\"url\":\"https:\/\/stricklandattorneys.com\/es\/our-practice\/premises-liability-espanol\/\",\"name\":\"Premises Liability - Strickland, Diviney, Segura & Byrd\",\"isPartOf\":{\"@id\":\"https:\/\/stricklandattorneys.com\/es\/#website\"},\"datePublished\":\"2020-05-12T09:29:38+00:00\",\"dateModified\":\"2020-07-01T09:02:57+00:00\",\"breadcrumb\":{\"@id\":\"https:\/\/stricklandattorneys.com\/es\/our-practice\/premises-liability-espanol\/#breadcrumb\"},\"inLanguage\":\"es\",\"potentialAction\":[{\"@type\":\"ReadAction\",\"target\":[\"https:\/\/stricklandattorneys.com\/es\/our-practice\/premises-liability-espanol\/\"]}]},{\"@type\":\"BreadcrumbList\",\"@id\":\"https:\/\/stricklandattorneys.com\/es\/our-practice\/premises-liability-espanol\/#breadcrumb\",\"itemListElement\":[{\"@type\":\"ListItem\",\"position\":1,\"name\":\"Home\",\"item\":\"https:\/\/stricklandattorneys.com\/es\/\"},{\"@type\":\"ListItem\",\"position\":2,\"name\":\"Our Practice\",\"item\":\"https:\/\/stricklandattorneys.com\/es\/our-practice\/\"},{\"@type\":\"ListItem\",\"position\":3,\"name\":\"Premises Liability\"}]},{\"@type\":\"WebSite\",\"@id\":\"https:\/\/stricklandattorneys.com\/es\/#website\",\"url\":\"https:\/\/stricklandattorneys.com\/es\/\",\"name\":\"Strickland, Diviney &amp; Segura\",\"description\":\"YOUR GUIDE THROUGH LIFE&#039;S VALLEYS\",\"publisher\":{\"@id\":\"https:\/\/stricklandattorneys.com\/es\/#organization\"},\"potentialAction\":[{\"@type\":\"SearchAction\",\"target\":{\"@type\":\"EntryPoint\",\"urlTemplate\":\"https:\/\/stricklandattorneys.com\/es\/?s={search_term_string}\"},\"query-input\":{\"@type\":\"PropertyValueSpecification\",\"valueRequired\":true,\"valueName\":\"search_term_string\"}}],\"inLanguage\":\"es\"},{\"@type\":\"Organization\",\"@id\":\"https:\/\/stricklandattorneys.com\/es\/#organization\",\"name\":\"Strickland, Diviney &amp; Segura\",\"url\":\"https:\/\/stricklandattorneys.com\/es\/\",\"logo\":{\"@type\":\"ImageObject\",\"inLanguage\":\"es\",\"@id\":\"https:\/\/stricklandattorneys.com\/es\/#\/schema\/logo\/image\/\",\"url\":\"https:\/\/stricklandattorneys.com\/wp-content\/uploads\/2022\/09\/logo2new.png\",\"contentUrl\":\"https:\/\/stricklandattorneys.com\/wp-content\/uploads\/2022\/09\/logo2new.png\",\"width\":218,\"height\":87,\"caption\":\"Strickland, Diviney &amp; Segura\"},\"image\":{\"@id\":\"https:\/\/stricklandattorneys.com\/es\/#\/schema\/logo\/image\/\"}}]}<\/script>\n<!-- \/ Yoast SEO plugin. -->","yoast_head_json":{"title":"Premises Liability - Strickland, Diviney, Segura & Byrd","robots":{"index":"index","follow":"follow","max-snippet":"max-snippet:-1","max-image-preview":"max-image-preview:large","max-video-preview":"max-video-preview:-1"},"canonical":"https:\/\/stricklandattorneys.com\/es\/our-practice\/premises-liability-espanol\/","og_locale":"es_ES","og_type":"article","og_title":"Premises Liability - Strickland, Diviney, Segura & Byrd","og_url":"https:\/\/stricklandattorneys.com\/es\/our-practice\/premises-liability-espanol\/","og_site_name":"Strickland, Diviney &amp; Segura","article_modified_time":"2020-07-01T09:02:57+00:00","twitter_card":"summary_large_image","twitter_misc":{"Tiempo de lectura":"3 minutos"},"schema":{"@context":"https:\/\/schema.org","@graph":[{"@type":"WebPage","@id":"https:\/\/stricklandattorneys.com\/es\/our-practice\/premises-liability-espanol\/","url":"https:\/\/stricklandattorneys.com\/es\/our-practice\/premises-liability-espanol\/","name":"Premises Liability - Strickland, Diviney, Segura & Byrd","isPartOf":{"@id":"https:\/\/stricklandattorneys.com\/es\/#website"},"datePublished":"2020-05-12T09:29:38+00:00","dateModified":"2020-07-01T09:02:57+00:00","breadcrumb":{"@id":"https:\/\/stricklandattorneys.com\/es\/our-practice\/premises-liability-espanol\/#breadcrumb"},"inLanguage":"es","potentialAction":[{"@type":"ReadAction","target":["https:\/\/stricklandattorneys.com\/es\/our-practice\/premises-liability-espanol\/"]}]},{"@type":"BreadcrumbList","@id":"https:\/\/stricklandattorneys.com\/es\/our-practice\/premises-liability-espanol\/#breadcrumb","itemListElement":[{"@type":"ListItem","position":1,"name":"Home","item":"https:\/\/stricklandattorneys.com\/es\/"},{"@type":"ListItem","position":2,"name":"Our Practice","item":"https:\/\/stricklandattorneys.com\/es\/our-practice\/"},{"@type":"ListItem","position":3,"name":"Premises Liability"}]},{"@type":"WebSite","@id":"https:\/\/stricklandattorneys.com\/es\/#website","url":"https:\/\/stricklandattorneys.com\/es\/","name":"Strickland, Diviney &amp; Segura","description":"YOUR GUIDE THROUGH LIFE&#039;S VALLEYS","publisher":{"@id":"https:\/\/stricklandattorneys.com\/es\/#organization"},"potentialAction":[{"@type":"SearchAction","target":{"@type":"EntryPoint","urlTemplate":"https:\/\/stricklandattorneys.com\/es\/?s={search_term_string}"},"query-input":{"@type":"PropertyValueSpecification","valueRequired":true,"valueName":"search_term_string"}}],"inLanguage":"es"},{"@type":"Organization","@id":"https:\/\/stricklandattorneys.com\/es\/#organization","name":"Strickland, Diviney &amp; Segura","url":"https:\/\/stricklandattorneys.com\/es\/","logo":{"@type":"ImageObject","inLanguage":"es","@id":"https:\/\/stricklandattorneys.com\/es\/#\/schema\/logo\/image\/","url":"https:\/\/stricklandattorneys.com\/wp-content\/uploads\/2022\/09\/logo2new.png","contentUrl":"https:\/\/stricklandattorneys.com\/wp-content\/uploads\/2022\/09\/logo2new.png","width":218,"height":87,"caption":"Strickland, Diviney &amp; Segura"},"image":{"@id":"https:\/\/stricklandattorneys.com\/es\/#\/schema\/logo\/image\/"}}]}},"_links":{"self":[{"href":"https:\/\/stricklandattorneys.com\/es\/wp-json\/wp\/v2\/pages\/225","targetHints":{"allow":["GET"]}}],"collection":[{"href":"https:\/\/stricklandattorneys.com\/es\/wp-json\/wp\/v2\/pages"}],"about":[{"href":"https:\/\/stricklandattorneys.com\/es\/wp-json\/wp\/v2\/types\/page"}],"author":[{"embeddable":true,"href":"https:\/\/stricklandattorneys.com\/es\/wp-json\/wp\/v2\/users\/2"}],"replies":[{"embeddable":true,"href":"https:\/\/stricklandattorneys.com\/es\/wp-json\/wp\/v2\/comments?post=225"}],"version-history":[{"count":0,"href":"https:\/\/stricklandattorneys.com\/es\/wp-json\/wp\/v2\/pages\/225\/revisions"}],"up":[{"embeddable":true,"href":"https:\/\/stricklandattorneys.com\/es\/wp-json\/wp\/v2\/pages\/219"}],"wp:attachment":[{"href":"https:\/\/stricklandattorneys.com\/es\/wp-json\/wp\/v2\/media?parent=225"}],"curies":[{"name":"wp","href":"https:\/\/api.w.org\/{rel}","templated":true}]}}